{"id":1064,"date":"2019-02-06T09:19:47","date_gmt":"2019-02-06T09:19:47","guid":{"rendered":"https:\/\/osic.co\/?page_id=1064"},"modified":"2019-02-07T07:49:45","modified_gmt":"2019-02-07T07:49:45","slug":"vleresimi-dhe-menaxhimi-i-rrezikut","status":"publish","type":"page","link":"https:\/\/osic.co\/s\/sq\/sherbime\/vleresimi-dhe-menaxhimi-i-rrezikut\/","title":{"rendered":"Vler\u00ebsimi dhe menaxhimi i rrezikut"},"content":{"rendered":"\n<p>\n\n\n\n\n\n\n\n\n\n\n\n\n\n\n\n\nBazuar\nne analizen e lidhjeve te brendshme te dobeta ne sistemin tuaj, si dhe faktore\nte jashtem t\u00eb mundshem, identifikojm\u00eb rreziqet p\u00ebr biznesin tuaj, politikat\ntuaja dhe strukturojm\u00eb ato sipas prioriteteve, me r\u00ebnd\u00ebsi p\u00ebr funksionimin e\nsistemit.\n\n\n\n<\/p>\n","protected":false},"excerpt":{"rendered":"<p>Bazuar ne analizen e lidhjeve te brendshme te dobeta ne sistemin tuaj, si dhe faktore te jashtem t\u00eb mundshem, identifikojm\u00eb rreziqet p\u00ebr biznesin tuaj, politikat tuaja dhe strukturojm\u00eb ato sipas prioriteteve, me r\u00ebnd\u00ebsi p\u00ebr funksionimin e sistemit.<\/p>\n","protected":false},"author":1,"featured_media":0,"parent":1047,"menu_order":0,"comment_status":"closed","ping_status":"closed","template":"","meta":[],"_links":{"self":[{"href":"https:\/\/osic.co\/s\/wp-json\/wp\/v2\/pages\/1064"}],"collection":[{"href":"https:\/\/osic.co\/s\/wp-json\/wp\/v2\/pages"}],"about":[{"href":"https:\/\/osic.co\/s\/wp-json\/wp\/v2\/types\/page"}],"author":[{"embeddable":true,"href":"https:\/\/osic.co\/s\/wp-json\/wp\/v2\/users\/1"}],"replies":[{"embeddable":true,"href":"https:\/\/osic.co\/s\/wp-json\/wp\/v2\/comments?post=1064"}],"version-history":[{"count":1,"href":"https:\/\/osic.co\/s\/wp-json\/wp\/v2\/pages\/1064\/revisions"}],"predecessor-version":[{"id":1065,"href":"https:\/\/osic.co\/s\/wp-json\/wp\/v2\/pages\/1064\/revisions\/1065"}],"up":[{"embeddable":true,"href":"https:\/\/osic.co\/s\/wp-json\/wp\/v2\/pages\/1047"}],"wp:attachment":[{"href":"https:\/\/osic.co\/s\/wp-json\/wp\/v2\/media?parent=1064"}],"curies":[{"name":"wp","href":"https:\/\/api.w.org\/{rel}","templated":true}]}}