{"id":1062,"date":"2019-02-06T09:18:24","date_gmt":"2019-02-06T09:18:24","guid":{"rendered":"https:\/\/osic.co\/?page_id=1062"},"modified":"2019-02-07T07:48:50","modified_gmt":"2019-02-07T07:48:50","slug":"hulumtime-dhe-analiza","status":"publish","type":"page","link":"https:\/\/osic.co\/s\/sq\/sherbime\/hulumtime-dhe-analiza\/","title":{"rendered":"Hulumtime dhe analiza"},"content":{"rendered":"\n<p>\n\n\n\n\n\n\n\n\n\n\n\n\n\n\n\n\nB\u00ebjm\u00eb\nanaliza t\u00eb gjitha temave dhe procesve t\u00eb r\u00ebnd\u00ebsishme p\u00ebr biznesin tuaj dhe n\u00eb\nbaz\u00eb t\u00eb tyre e japim rekomandime dhe vler\u00ebsime p\u00ebr pun\u00ebn e ardhshme. Themeli(baza)\ne analiz\u00ebs son\u00eb \u00ebsht\u00eb t\u00eb dh\u00ebna t\u00eb sakta dhe informacione t\u00eb vlefshme te\nverifikuara nga disa burime p\u00ebrkat\u00ebse(relevante), dhe rekomandimet dhe\nvler\u00ebsimet tona themelohen\/bazohen n\u00eb ekspertiz\u00ebn multidisciplinare t\u00eb\nekspert\u00ebve tan\u00eb.\n\n\n\n<\/p>\n","protected":false},"excerpt":{"rendered":"<p>B\u00ebjm\u00eb analiza t\u00eb gjitha temave dhe procesve t\u00eb r\u00ebnd\u00ebsishme p\u00ebr biznesin tuaj dhe n\u00eb baz\u00eb t\u00eb tyre e japim rekomandime dhe vler\u00ebsime p\u00ebr pun\u00ebn e ardhshme. Themeli(baza) e analiz\u00ebs son\u00eb \u00ebsht\u00eb t\u00eb dh\u00ebna t\u00eb sakta dhe informacione t\u00eb vlefshme te verifikuara nga disa burime p\u00ebrkat\u00ebse(relevante), dhe rekomandimet dhe vler\u00ebsimet tona themelohen\/bazohen n\u00eb ekspertiz\u00ebn multidisciplinare t\u00eb [&hellip;]<\/p>\n","protected":false},"author":1,"featured_media":0,"parent":1047,"menu_order":0,"comment_status":"closed","ping_status":"closed","template":"","meta":[],"_links":{"self":[{"href":"https:\/\/osic.co\/s\/wp-json\/wp\/v2\/pages\/1062"}],"collection":[{"href":"https:\/\/osic.co\/s\/wp-json\/wp\/v2\/pages"}],"about":[{"href":"https:\/\/osic.co\/s\/wp-json\/wp\/v2\/types\/page"}],"author":[{"embeddable":true,"href":"https:\/\/osic.co\/s\/wp-json\/wp\/v2\/users\/1"}],"replies":[{"embeddable":true,"href":"https:\/\/osic.co\/s\/wp-json\/wp\/v2\/comments?post=1062"}],"version-history":[{"count":1,"href":"https:\/\/osic.co\/s\/wp-json\/wp\/v2\/pages\/1062\/revisions"}],"predecessor-version":[{"id":1063,"href":"https:\/\/osic.co\/s\/wp-json\/wp\/v2\/pages\/1062\/revisions\/1063"}],"up":[{"embeddable":true,"href":"https:\/\/osic.co\/s\/wp-json\/wp\/v2\/pages\/1047"}],"wp:attachment":[{"href":"https:\/\/osic.co\/s\/wp-json\/wp\/v2\/media?parent=1062"}],"curies":[{"name":"wp","href":"https:\/\/api.w.org\/{rel}","templated":true}]}}