{"id":1060,"date":"2019-02-06T09:17:22","date_gmt":"2019-02-06T09:17:22","guid":{"rendered":"https:\/\/osic.co\/?page_id=1060"},"modified":"2019-02-07T07:47:55","modified_gmt":"2019-02-07T07:47:55","slug":"biznes-nderkombetar","status":"publish","type":"page","link":"https:\/\/osic.co\/s\/sq\/sherbime\/biznes-nderkombetar\/","title":{"rendered":"Biznes Nd\u00ebrkomb\u00ebtar"},"content":{"rendered":"\n<p>Ne ju p\u00ebrkrahim\njuve n\u00eb biznesin nd\u00ebrkufitar, nese kjo eshte investim, tregtise ose hulumtimit\nte tregut&nbsp; dhe konkurrenc\u00ebs. Ne ju\nofrojm\u00eb krijimin e biznes planeve planeve, vler\u00ebsimi dhe justifikueshmerise se\nbiznesit nd\u00ebrkufitar, identifikimin e rreziqeve dhe mund\u00ebsive te biznesit,\nk\u00ebrkojm\u00eb per partner\u00ebt tuaj t\u00eb mundsh\u00ebm dhe vendet e pun\u00ebs. Ju japim k\u00ebshilla p\u00ebr\naspektet ligjore te biznesit tuaj nderkufitar.<\/p>\n","protected":false},"excerpt":{"rendered":"<p>Ne ju p\u00ebrkrahim juve n\u00eb biznesin nd\u00ebrkufitar, nese kjo eshte investim, tregtise ose hulumtimit te tregut&nbsp; dhe konkurrenc\u00ebs. Ne ju ofrojm\u00eb krijimin e biznes planeve planeve, vler\u00ebsimi dhe justifikueshmerise se biznesit nd\u00ebrkufitar, identifikimin e rreziqeve dhe mund\u00ebsive te biznesit, k\u00ebrkojm\u00eb per partner\u00ebt tuaj t\u00eb mundsh\u00ebm dhe vendet e pun\u00ebs. Ju japim k\u00ebshilla p\u00ebr aspektet ligjore [&hellip;]<\/p>\n","protected":false},"author":1,"featured_media":0,"parent":1047,"menu_order":0,"comment_status":"closed","ping_status":"closed","template":"","meta":[],"_links":{"self":[{"href":"https:\/\/osic.co\/s\/wp-json\/wp\/v2\/pages\/1060"}],"collection":[{"href":"https:\/\/osic.co\/s\/wp-json\/wp\/v2\/pages"}],"about":[{"href":"https:\/\/osic.co\/s\/wp-json\/wp\/v2\/types\/page"}],"author":[{"embeddable":true,"href":"https:\/\/osic.co\/s\/wp-json\/wp\/v2\/users\/1"}],"replies":[{"embeddable":true,"href":"https:\/\/osic.co\/s\/wp-json\/wp\/v2\/comments?post=1060"}],"version-history":[{"count":1,"href":"https:\/\/osic.co\/s\/wp-json\/wp\/v2\/pages\/1060\/revisions"}],"predecessor-version":[{"id":1061,"href":"https:\/\/osic.co\/s\/wp-json\/wp\/v2\/pages\/1060\/revisions\/1061"}],"up":[{"embeddable":true,"href":"https:\/\/osic.co\/s\/wp-json\/wp\/v2\/pages\/1047"}],"wp:attachment":[{"href":"https:\/\/osic.co\/s\/wp-json\/wp\/v2\/media?parent=1060"}],"curies":[{"name":"wp","href":"https:\/\/api.w.org\/{rel}","templated":true}]}}