{"id":1058,"date":"2019-02-06T09:16:07","date_gmt":"2019-02-06T09:16:07","guid":{"rendered":"https:\/\/osic.co\/?page_id=1058"},"modified":"2019-02-07T07:47:05","modified_gmt":"2019-02-07T07:47:05","slug":"edukimi","status":"publish","type":"page","link":"https:\/\/osic.co\/s\/sq\/sherbime\/edukimi\/","title":{"rendered":"Edukimi"},"content":{"rendered":"\n<p>Ne ofrojm\u00eb t\u00eb gjitha llojet e trajnimit p\u00ebr stafin ose klientin n\u00eb fush\u00ebn e ekspertiz\u00ebs son\u00eb, of-line ose on-line.<\/p>\n","protected":false},"excerpt":{"rendered":"<p>Ne ofrojm\u00eb t\u00eb gjitha llojet e trajnimit p\u00ebr stafin ose klientin n\u00eb fush\u00ebn e ekspertiz\u00ebs son\u00eb, of-line ose on-line.<\/p>\n","protected":false},"author":1,"featured_media":0,"parent":1047,"menu_order":0,"comment_status":"closed","ping_status":"closed","template":"","meta":[],"_links":{"self":[{"href":"https:\/\/osic.co\/s\/wp-json\/wp\/v2\/pages\/1058"}],"collection":[{"href":"https:\/\/osic.co\/s\/wp-json\/wp\/v2\/pages"}],"about":[{"href":"https:\/\/osic.co\/s\/wp-json\/wp\/v2\/types\/page"}],"author":[{"embeddable":true,"href":"https:\/\/osic.co\/s\/wp-json\/wp\/v2\/users\/1"}],"replies":[{"embeddable":true,"href":"https:\/\/osic.co\/s\/wp-json\/wp\/v2\/comments?post=1058"}],"version-history":[{"count":1,"href":"https:\/\/osic.co\/s\/wp-json\/wp\/v2\/pages\/1058\/revisions"}],"predecessor-version":[{"id":1059,"href":"https:\/\/osic.co\/s\/wp-json\/wp\/v2\/pages\/1058\/revisions\/1059"}],"up":[{"embeddable":true,"href":"https:\/\/osic.co\/s\/wp-json\/wp\/v2\/pages\/1047"}],"wp:attachment":[{"href":"https:\/\/osic.co\/s\/wp-json\/wp\/v2\/media?parent=1058"}],"curies":[{"name":"wp","href":"https:\/\/api.w.org\/{rel}","templated":true}]}}