{"id":1056,"date":"2019-02-06T09:14:13","date_gmt":"2019-02-06T09:14:13","guid":{"rendered":"https:\/\/osic.co\/?page_id=1056"},"modified":"2019-02-07T07:46:11","modified_gmt":"2019-02-07T07:46:11","slug":"politika-dhe-qeverisja-vendore-dhe-nderkombetare","status":"publish","type":"page","link":"https:\/\/osic.co\/s\/sq\/sherbime\/politika-dhe-qeverisja-vendore-dhe-nderkombetare\/","title":{"rendered":"Politika dhe qeverisja vendore dhe nd\u00ebrkomb\u00ebtare"},"content":{"rendered":"\n<p>\n\n\n\n\n\n\n\n\n\n\n\n\n\n\n\n\nAnalizojm\u00eb\narritjet e politikave tuaja, arsyetimin e tyre, mb\u00ebshtetjen dhe rreziqet e\nmundshme. Ne krijojm\u00eb fushata, ndjekim rrjedh\u00ebn e tyre,&nbsp; matim efektin dhe i analizojme efektet. Ne u\nsigurojm\u00eb bashk\u00ebbiseduesve&nbsp; tema te\nr\u00ebnd\u00ebsishme p\u00ebr politikat tuaj, si n\u00eb nivel komb\u00ebtar dhe nd\u00ebrkomb\u00ebtar. Ne japim\nnj\u00eb analiz\u00eb t\u00eb holl\u00ebsishme t\u00eb ngjarjeve dhe proceseve nd\u00ebrkomb\u00ebtare q\u00eb jan\u00eb t\u00eb\nr\u00ebnd\u00ebsish\u00ebm p\u00ebr&nbsp; biznesin ose politik\u00ebn\ntuaj. Bazuar ne&nbsp; informacione, qoft\u00eb nga\nburime t\u00eb hapura ose nga burime jozyrtare, ne ju ofrojm\u00eb nj\u00eb vler\u00ebsim t\u00eb besuesh\u00ebm\nt\u00eb zhvillimeve ne nivel nd\u00ebrkomb\u00ebtar, duke identifikuar posa\u00e7\u00ebrisht reziqet e\nmundshme. Ne analizojm\u00eb marr\u00ebveshjet nd\u00ebrkomb\u00ebtare dhe aktet e organizatave\nnd\u00ebrkomb\u00ebtare.\n\n\n\n<\/p>\n","protected":false},"excerpt":{"rendered":"<p>Analizojm\u00eb arritjet e politikave tuaja, arsyetimin e tyre, mb\u00ebshtetjen dhe rreziqet e mundshme. Ne krijojm\u00eb fushata, ndjekim rrjedh\u00ebn e tyre,&nbsp; matim efektin dhe i analizojme efektet. Ne u sigurojm\u00eb bashk\u00ebbiseduesve&nbsp; tema te r\u00ebnd\u00ebsishme p\u00ebr politikat tuaj, si n\u00eb nivel komb\u00ebtar dhe nd\u00ebrkomb\u00ebtar. Ne japim nj\u00eb analiz\u00eb t\u00eb holl\u00ebsishme t\u00eb ngjarjeve dhe proceseve nd\u00ebrkomb\u00ebtare q\u00eb jan\u00eb [&hellip;]<\/p>\n","protected":false},"author":1,"featured_media":0,"parent":1047,"menu_order":0,"comment_status":"closed","ping_status":"closed","template":"","meta":[],"_links":{"self":[{"href":"https:\/\/osic.co\/s\/wp-json\/wp\/v2\/pages\/1056"}],"collection":[{"href":"https:\/\/osic.co\/s\/wp-json\/wp\/v2\/pages"}],"about":[{"href":"https:\/\/osic.co\/s\/wp-json\/wp\/v2\/types\/page"}],"author":[{"embeddable":true,"href":"https:\/\/osic.co\/s\/wp-json\/wp\/v2\/users\/1"}],"replies":[{"embeddable":true,"href":"https:\/\/osic.co\/s\/wp-json\/wp\/v2\/comments?post=1056"}],"version-history":[{"count":1,"href":"https:\/\/osic.co\/s\/wp-json\/wp\/v2\/pages\/1056\/revisions"}],"predecessor-version":[{"id":1057,"href":"https:\/\/osic.co\/s\/wp-json\/wp\/v2\/pages\/1056\/revisions\/1057"}],"up":[{"embeddable":true,"href":"https:\/\/osic.co\/s\/wp-json\/wp\/v2\/pages\/1047"}],"wp:attachment":[{"href":"https:\/\/osic.co\/s\/wp-json\/wp\/v2\/media?parent=1056"}],"curies":[{"name":"wp","href":"https:\/\/api.w.org\/{rel}","templated":true}]}}