{"id":1054,"date":"2019-02-06T09:10:46","date_gmt":"2019-02-06T09:10:46","guid":{"rendered":"https:\/\/osic.co\/?page_id=1054"},"modified":"2019-02-07T07:45:20","modified_gmt":"2019-02-07T07:45:20","slug":"menaxhimi-i-rrezikut","status":"publish","type":"page","link":"https:\/\/osic.co\/s\/sq\/sherbime\/menaxhimi-i-rrezikut\/","title":{"rendered":"Menaxhimi i rrezikut"},"content":{"rendered":"\n<p>\n\n\n\n\n\n\n\n\n\n\n\n\n\n\n\n\nNe\np\u00ebrpilojm\u00eb plane per te iu pergjigjur situatave te &nbsp;krizes, parashikojm\u00eb precedurat p\u00ebr aktivitet\np\u00ebrpara, gjat\u00eb dhe pas kriz\u00ebs, ne ofrojm\u00eb trajnime p\u00ebr stafin tuaj te\nmenaxhimit ne te tilla situata. Specialiteti yn\u00eb&nbsp; \u00ebsht\u00eb edhe te siguroj gjithahtu asistenc\u00eb n\u00eb\nkoh\u00eb reale, kurre ne nuk ju l\u00ebm\u00eb vet\u00ebm t\u00eb merreni me reziqe,&nbsp; por ju&nbsp;\nv\u00ebm\u00eb n\u00eb dispozicion burimet tona. &nbsp;Ne i kushtojm\u00eb v\u00ebmendje t\u00eb ve\u00e7ant\u00eb analiz\u00ebs\npas rrezikut, t\u00ebrheqje t\u00eb pikave t\u00eb dob\u00ebta dhe korigjimin e procedurave, n\u00ebse\nata e kan\u00eb penguar ne &nbsp;ndonj\u00eb m\u00ebnyre\ndaljen nga kriza. Mbrojtja e reputacionit tuaj t\u00eb mir\u00eb \u00ebsht\u00eb nj\u00eb domosdoshm\u00ebri.\n\n\n\n<\/p>\n","protected":false},"excerpt":{"rendered":"<p>Ne p\u00ebrpilojm\u00eb plane per te iu pergjigjur situatave te &nbsp;krizes, parashikojm\u00eb precedurat p\u00ebr aktivitet p\u00ebrpara, gjat\u00eb dhe pas kriz\u00ebs, ne ofrojm\u00eb trajnime p\u00ebr stafin tuaj te menaxhimit ne te tilla situata. Specialiteti yn\u00eb&nbsp; \u00ebsht\u00eb edhe te siguroj gjithahtu asistenc\u00eb n\u00eb koh\u00eb reale, kurre ne nuk ju l\u00ebm\u00eb vet\u00ebm t\u00eb merreni me reziqe,&nbsp; por ju&nbsp; v\u00ebm\u00eb [&hellip;]<\/p>\n","protected":false},"author":1,"featured_media":0,"parent":1047,"menu_order":0,"comment_status":"closed","ping_status":"closed","template":"","meta":[],"_links":{"self":[{"href":"https:\/\/osic.co\/s\/wp-json\/wp\/v2\/pages\/1054"}],"collection":[{"href":"https:\/\/osic.co\/s\/wp-json\/wp\/v2\/pages"}],"about":[{"href":"https:\/\/osic.co\/s\/wp-json\/wp\/v2\/types\/page"}],"author":[{"embeddable":true,"href":"https:\/\/osic.co\/s\/wp-json\/wp\/v2\/users\/1"}],"replies":[{"embeddable":true,"href":"https:\/\/osic.co\/s\/wp-json\/wp\/v2\/comments?post=1054"}],"version-history":[{"count":1,"href":"https:\/\/osic.co\/s\/wp-json\/wp\/v2\/pages\/1054\/revisions"}],"predecessor-version":[{"id":1055,"href":"https:\/\/osic.co\/s\/wp-json\/wp\/v2\/pages\/1054\/revisions\/1055"}],"up":[{"embeddable":true,"href":"https:\/\/osic.co\/s\/wp-json\/wp\/v2\/pages\/1047"}],"wp:attachment":[{"href":"https:\/\/osic.co\/s\/wp-json\/wp\/v2\/media?parent=1054"}],"curies":[{"name":"wp","href":"https:\/\/api.w.org\/{rel}","templated":true}]}}