{"id":1052,"date":"2019-02-06T09:07:54","date_gmt":"2019-02-06T09:07:54","guid":{"rendered":"https:\/\/osic.co\/?page_id=1052"},"modified":"2019-02-07T07:44:30","modified_gmt":"2019-02-07T07:44:30","slug":"krijimi-dhe-zbatimi-i-fushatave-politike-dhe-afariste","status":"publish","type":"page","link":"https:\/\/osic.co\/s\/sq\/sherbime\/krijimi-dhe-zbatimi-i-fushatave-politike-dhe-afariste\/","title":{"rendered":"Krijimi dhe zbatimi i fushatave politike dhe afariste"},"content":{"rendered":"\n<p>\n\n\n\n\n\n\n\n\n\n\n\n\n\n\n\n\nIdentifikojm\u00eb\nq\u00ebllimet, mjetet dhe koh\u00ebzgjatjen e fushat\u00ebs q\u00eb synon promovim(nxitjen) e\nbiznesit tuaj ose t\u00eb politikave. Ne fokusohemi tek grupet e synuara (ose individ\u00ebt)\nfushatat e te cileve duhet te sjellin nje ndryshim pozitiv. Ne ofrojm\u00eb marketing\nt\u00eb plot\u00eb dhe konsultime me PR para, gjat\u00eb dhe pas fushat\u00ebs (vler\u00ebsim).\n\n\n\n<\/p>\n","protected":false},"excerpt":{"rendered":"<p>Identifikojm\u00eb q\u00ebllimet, mjetet dhe koh\u00ebzgjatjen e fushat\u00ebs q\u00eb synon promovim(nxitjen) e biznesit tuaj ose t\u00eb politikave. Ne fokusohemi tek grupet e synuara (ose individ\u00ebt) fushatat e te cileve duhet te sjellin nje ndryshim pozitiv. Ne ofrojm\u00eb marketing t\u00eb plot\u00eb dhe konsultime me PR para, gjat\u00eb dhe pas fushat\u00ebs (vler\u00ebsim).<\/p>\n","protected":false},"author":1,"featured_media":0,"parent":1047,"menu_order":0,"comment_status":"closed","ping_status":"closed","template":"","meta":[],"_links":{"self":[{"href":"https:\/\/osic.co\/s\/wp-json\/wp\/v2\/pages\/1052"}],"collection":[{"href":"https:\/\/osic.co\/s\/wp-json\/wp\/v2\/pages"}],"about":[{"href":"https:\/\/osic.co\/s\/wp-json\/wp\/v2\/types\/page"}],"author":[{"embeddable":true,"href":"https:\/\/osic.co\/s\/wp-json\/wp\/v2\/users\/1"}],"replies":[{"embeddable":true,"href":"https:\/\/osic.co\/s\/wp-json\/wp\/v2\/comments?post=1052"}],"version-history":[{"count":1,"href":"https:\/\/osic.co\/s\/wp-json\/wp\/v2\/pages\/1052\/revisions"}],"predecessor-version":[{"id":1053,"href":"https:\/\/osic.co\/s\/wp-json\/wp\/v2\/pages\/1052\/revisions\/1053"}],"up":[{"embeddable":true,"href":"https:\/\/osic.co\/s\/wp-json\/wp\/v2\/pages\/1047"}],"wp:attachment":[{"href":"https:\/\/osic.co\/s\/wp-json\/wp\/v2\/media?parent=1052"}],"curies":[{"name":"wp","href":"https:\/\/api.w.org\/{rel}","templated":true}]}}