{"id":1049,"date":"2019-02-06T09:06:33","date_gmt":"2019-02-06T09:06:33","guid":{"rendered":"https:\/\/osic.co\/?page_id=1049"},"modified":"2019-02-07T07:43:28","modified_gmt":"2019-02-07T07:43:28","slug":"komunikimi-dhe-pr","status":"publish","type":"page","link":"https:\/\/osic.co\/s\/sq\/sherbime\/komunikimi-dhe-pr\/","title":{"rendered":"Komunikimi dhe PR"},"content":{"rendered":"\n<p>Krijojm\u00eb\nstrategji dhe plane komunikimi dhe identifikojm\u00eb grupe specifike thelbesore p\u00ebr\naktivitetin tuaj te komunikimit. Ne sigurojm\u00eb p\u00ebrmbajtje t\u00eb plot\u00eb (fjalime,\nnjoftime, p\u00ebrgatitje te konferencave p\u00ebr shtyp dhe intervista, botime n\u00eb rrjeteve\nsociale&#8230;), konceptin vizual dhe prodhimin e p\u00ebrmbajtjeve mediatike.<\/p>\n","protected":false},"excerpt":{"rendered":"<p>Krijojm\u00eb strategji dhe plane komunikimi dhe identifikojm\u00eb grupe specifike thelbesore p\u00ebr aktivitetin tuaj te komunikimit. Ne sigurojm\u00eb p\u00ebrmbajtje t\u00eb plot\u00eb (fjalime, njoftime, p\u00ebrgatitje te konferencave p\u00ebr shtyp dhe intervista, botime n\u00eb rrjeteve sociale&#8230;), konceptin vizual dhe prodhimin e p\u00ebrmbajtjeve mediatike.<\/p>\n","protected":false},"author":1,"featured_media":0,"parent":1047,"menu_order":0,"comment_status":"closed","ping_status":"closed","template":"","meta":[],"_links":{"self":[{"href":"https:\/\/osic.co\/s\/wp-json\/wp\/v2\/pages\/1049"}],"collection":[{"href":"https:\/\/osic.co\/s\/wp-json\/wp\/v2\/pages"}],"about":[{"href":"https:\/\/osic.co\/s\/wp-json\/wp\/v2\/types\/page"}],"author":[{"embeddable":true,"href":"https:\/\/osic.co\/s\/wp-json\/wp\/v2\/users\/1"}],"replies":[{"embeddable":true,"href":"https:\/\/osic.co\/s\/wp-json\/wp\/v2\/comments?post=1049"}],"version-history":[{"count":1,"href":"https:\/\/osic.co\/s\/wp-json\/wp\/v2\/pages\/1049\/revisions"}],"predecessor-version":[{"id":1050,"href":"https:\/\/osic.co\/s\/wp-json\/wp\/v2\/pages\/1049\/revisions\/1050"}],"up":[{"embeddable":true,"href":"https:\/\/osic.co\/s\/wp-json\/wp\/v2\/pages\/1047"}],"wp:attachment":[{"href":"https:\/\/osic.co\/s\/wp-json\/wp\/v2\/media?parent=1049"}],"curies":[{"name":"wp","href":"https:\/\/api.w.org\/{rel}","templated":true}]}}