{"id":1047,"date":"2019-02-06T09:05:55","date_gmt":"2019-02-06T09:05:55","guid":{"rendered":"https:\/\/osic.co\/?page_id=1047"},"modified":"2019-02-10T09:29:41","modified_gmt":"2019-02-10T09:29:41","slug":"sherbime","status":"publish","type":"page","link":"https:\/\/osic.co\/s\/sq\/sherbime\/","title":{"rendered":"SH\u00cbRBIME"},"content":{"rendered":"\n<p> Konsideroni OSIC si zyre e juaj, e cila \u00ebsht\u00eb n\u00eb dispozicion 24 or\u00eb, 365 dit\u00eb n\u00eb vit. Ne ofrojm\u00eb nj\u00eb analiz\u00eb t\u00eb plot\u00eb t\u00eb gjendjes reale, forc\u00ebs dhe dob\u00ebsis\u00eb s\u00eb sistemit tuaj ose aktivitete konkrete. Ne ofrojm\u00eb nj\u00eb vler\u00ebsim t\u00eb potencialit, por edhe rreziqe dhe pengesa q\u00eb jan\u00eb n\u00eb rrug\u00ebn e arritjes s\u00eb qellimit tuaj. Gjithahtu, ne propozojm\u00eb masa konkrete p\u00ebr arritjen e efektit t\u00eb d\u00ebshiruar, natyrisht edhe ne marrim pjes\u00eb s\u00eb bashku me ju n\u00eb zbatimin e tyre. Per ne fund, ne ju sigurojme &nbsp;analiz\u00ebn e efekteve t\u00eb arritura, duke bere identifikimin e an\u00ebve t\u00eb mira dhe t\u00eb k\u00ebqija t\u00eb zgjidhjeve t\u00eb aplikuara. Ekipi yn\u00eb \u00ebsht\u00eb i gatsh\u00ebm t\u2019ju ofroj sh\u00ebrbime n\u00eb fushat e m\u00ebposhtme: <\/p>\n\n\n\n<ul><li><a href=\"https:\/\/osic.co\/s\/sq\/sherbime\/biznes-nderkombetar\/\">Biznes Nd\u00ebrkomb\u00ebtar <\/a><\/li><li><a rel=\"noreferrer noopener\" aria-label=\" (opens in a new tab)\" href=\"https:\/\/osic.co\/s\/sq\/sherbime\/politika-dhe-qeverisja-vendore-dhe-nderkombetare\/\" target=\"_blank\">Politika dhe qeverisja vendore dhe nd\u00ebrkomb\u00ebtare<\/a><\/li><li><a rel=\"noreferrer noopener\" aria-label=\" (opens in a new tab)\" href=\"https:\/\/osic.co\/s\/sq\/sherbime\/vleresimi-dhe-menaxhimi-i-rrezikut\/\" target=\"_blank\"> Vler\u00ebsimi dhe menaxhimi i rrezikut<\/a><\/li><li><a rel=\"noreferrer noopener\" aria-label=\" (opens in a new tab)\" href=\"https:\/\/osic.co\/s\/sq\/sherbime\/menaxhimi-i-rrezikut\/\" target=\"_blank\"> Menaxhimi i rrezikut<\/a><\/li><li><a rel=\"noreferrer noopener\" aria-label=\" (opens in a new tab)\" href=\"https:\/\/osic.co\/s\/sq\/sherbime\/menaxhimi-i-sigurise\/\" target=\"_blank\"> Menaxhimi i siguris\u00eb  <\/a><\/li><li><a rel=\"noreferrer noopener\" aria-label=\" (opens in a new tab)\" href=\"https:\/\/osic.co\/s\/sq\/sherbime\/komunikimi-dhe-pr\/\" target=\"_blank\"> Komunikimi dhe PR <\/a><\/li><li><a rel=\"noreferrer noopener\" aria-label=\" (opens in a new tab)\" href=\"https:\/\/osic.co\/s\/sq\/sherbime\/hulumtime-dhe-analiza\/\" target=\"_blank\"> Hulumtime dhe analiza<\/a><\/li><li><a rel=\"noreferrer noopener\" aria-label=\" (opens in a new tab)\" href=\"https:\/\/osic.co\/s\/sq\/sherbime\/edukimi\/\" target=\"_blank\"> Edukimi<\/a><\/li><li><a href=\"https:\/\/osic.co\/s\/sq\/sherbime\/krijimi-dhe-zbatimi-i-fushatave-politike-dhe-afariste\/\" target=\"_blank\" rel=\"noreferrer noopener\" aria-label=\" (opens in a new tab)\"> Krijimi dhe zbatimi i fushatave politike dhe afariste<\/a><\/li><\/ul>\n","protected":false},"excerpt":{"rendered":"<p>Konsideroni OSIC si zyre e juaj, e cila \u00ebsht\u00eb n\u00eb dispozicion 24 or\u00eb, 365 dit\u00eb n\u00eb vit. Ne ofrojm\u00eb nj\u00eb analiz\u00eb t\u00eb plot\u00eb t\u00eb gjendjes reale, forc\u00ebs dhe dob\u00ebsis\u00eb s\u00eb sistemit tuaj ose aktivitete konkrete. Ne ofrojm\u00eb nj\u00eb vler\u00ebsim t\u00eb potencialit, por edhe rreziqe dhe pengesa q\u00eb jan\u00eb n\u00eb rrug\u00ebn e arritjes s\u00eb qellimit tuaj. [&hellip;]<\/p>\n","protected":false},"author":1,"featured_media":0,"parent":0,"menu_order":0,"comment_status":"closed","ping_status":"closed","template":"","meta":[],"_links":{"self":[{"href":"https:\/\/osic.co\/s\/wp-json\/wp\/v2\/pages\/1047"}],"collection":[{"href":"https:\/\/osic.co\/s\/wp-json\/wp\/v2\/pages"}],"about":[{"href":"https:\/\/osic.co\/s\/wp-json\/wp\/v2\/types\/page"}],"author":[{"embeddable":true,"href":"https:\/\/osic.co\/s\/wp-json\/wp\/v2\/users\/1"}],"replies":[{"embeddable":true,"href":"https:\/\/osic.co\/s\/wp-json\/wp\/v2\/comments?post=1047"}],"version-history":[{"count":3,"href":"https:\/\/osic.co\/s\/wp-json\/wp\/v2\/pages\/1047\/revisions"}],"predecessor-version":[{"id":1464,"href":"https:\/\/osic.co\/s\/wp-json\/wp\/v2\/pages\/1047\/revisions\/1464"}],"wp:attachment":[{"href":"https:\/\/osic.co\/s\/wp-json\/wp\/v2\/media?parent=1047"}],"curies":[{"name":"wp","href":"https:\/\/api.w.org\/{rel}","templated":true}]}}