{"id":1043,"date":"2019-02-06T08:12:17","date_gmt":"2019-02-06T08:12:17","guid":{"rendered":"https:\/\/osic.co\/?page_id=1043"},"modified":"2019-02-07T14:43:45","modified_gmt":"2019-02-07T14:43:45","slug":"faqja-e-pare","status":"publish","type":"page","link":"https:\/\/osic.co\/s\/sq\/faqja-e-pare\/","title":{"rendered":"FAQJA E PARE"},"content":{"rendered":"\n<div class=\"alignnormal\"><div id=\"metaslider-id-1406\" style=\"width: 100%;\" class=\"ml-slider-3-109-0 metaslider metaslider-flex metaslider-1406 ml-slider has-dots-nav ms-theme-default\" role=\"region\" aria-label=\"Albanski slideshow\" data-height=\"300\" data-width=\"700\">\n    <div id=\"metaslider_container_1406\">\n        <div id=\"metaslider_1406\">\n            <ul class='slides'>\n                <li style=\"display: block; width: 100%;\" class=\"slide-1417 ms-image \" aria-roledescription=\"slide\" data-date=\"2019-02-07 14:27:38\" data-filename=\"bezbednosni-menad\u017ement-7-700x300.jpg\" data-slide-type=\"image\"><a href=\"https:\/\/osic.co\/s\/sq\/sherbime\/menaxhimi-i-sigurise\/\" target=\"_blank\" aria-label=\"View Slide Details\" class=\"metaslider_image_link\"><img src=\"https:\/\/osic.co\/s\/wp-content\/uploads\/2019\/02\/bezbednosni-menad\u017ement-7-700x300.jpg\" height=\"300\" width=\"700\" alt=\"\" class=\"slider-1406 slide-1417 msDefaultImage\" title=\"bezbednosni menad\u017ement\" \/><\/a><div class=\"caption-wrap\"><div class=\"caption\">MENAXHIMI I SIGURIS\u00cb<\/div><\/div><\/li>\n                <li style=\"display: none; width: 100%;\" class=\"slide-1418 ms-image \" aria-roledescription=\"slide\" data-date=\"2019-02-07 14:27:39\" data-filename=\"doma\u0107a-i-me\u0111unarodna-politika-i-upravljanje-7-618x264.jpg\" data-slide-type=\"image\"><a href=\"https:\/\/osic.co\/s\/sq\/sherbime\/politika-dhe-qeverisja-vendore-dhe-nderkombetare\/\" target=\"_blank\" aria-label=\"View Slide Details\" class=\"metaslider_image_link\"><img src=\"https:\/\/osic.co\/s\/wp-content\/uploads\/2019\/02\/doma\u0107a-i-me\u0111unarodna-politika-i-upravljanje-7-618x264.jpg\" height=\"300\" width=\"700\" alt=\"\" class=\"slider-1406 slide-1418 msDefaultImage\" title=\"Group of Business People with Jigsaw Puzzle Forming in World Map\" \/><\/a><div class=\"caption-wrap\"><div class=\"caption\">POLITIKA DHE QEVERISJA VENDORE DHE ND\u00cbRKOMB\u00cbTARE<\/div><\/div><\/li>\n                <li style=\"display: none; width: 100%;\" class=\"slide-1419 ms-image \" aria-roledescription=\"slide\" data-date=\"2019-02-07 14:27:39\" data-filename=\"edukacija-7-700x300.jpg\" data-slide-type=\"image\"><a href=\"https:\/\/osic.co\/s\/sq\/sherbime\/edukimi\/\" target=\"_blank\" aria-label=\"View Slide Details\" class=\"metaslider_image_link\"><img src=\"https:\/\/osic.co\/s\/wp-content\/uploads\/2019\/02\/edukacija-7-700x300.jpg\" height=\"300\" width=\"700\" alt=\"\" class=\"slider-1406 slide-1419 msDefaultImage\" title=\"edukacija\" \/><\/a><div class=\"caption-wrap\"><div class=\"caption\">EDUKIMI<\/div><\/div><\/li>\n                <li style=\"display: none; width: 100%;\" class=\"slide-1420 ms-image \" aria-roledescription=\"slide\" data-date=\"2019-02-07 14:27:39\" data-filename=\"istra\u017eivanje-i-analiza-7-576x247.jpg\" data-slide-type=\"image\"><a href=\"https:\/\/osic.co\/s\/sq\/sherbime\/hulumtime-dhe-analiza\/https:\/\/osic.co\/s\/sq\/sherbime\/komunikimi-dhe-pr\/\" target=\"_blank\" aria-label=\"View Slide Details\" class=\"metaslider_image_link\"><img src=\"https:\/\/osic.co\/s\/wp-content\/uploads\/2019\/02\/istra\u017eivanje-i-analiza-7-576x247.jpg\" height=\"300\" width=\"700\" alt=\"\" class=\"slider-1406 slide-1420 msDefaultImage\" title=\"istra\u017eivanje i analiza\" \/><\/a><div class=\"caption-wrap\"><div class=\"caption\">HULUMTIME DHE ANALIZA<\/div><\/div><\/li>\n                <li style=\"display: none; width: 100%;\" class=\"slide-1421 ms-image \" aria-roledescription=\"slide\" data-date=\"2019-02-07 14:27:39\" data-filename=\"komunikacije-i-PR-7-640x274.png\" data-slide-type=\"image\"><a href=\"https:\/\/osic.co\/s\/sq\/sherbime\/komunikimi-dhe-pr\/\" target=\"_blank\" aria-label=\"View Slide Details\" class=\"metaslider_image_link\"><img src=\"https:\/\/osic.co\/s\/wp-content\/uploads\/2019\/02\/komunikacije-i-PR-7-640x274.png\" height=\"300\" width=\"700\" alt=\"\" class=\"slider-1406 slide-1421 msDefaultImage\" title=\"komunikacije i PR\" \/><\/a><div class=\"caption-wrap\"><div class=\"caption\">KOMUNIKIMI DHE PR<\/div><\/div><\/li>\n                <li style=\"display: none; width: 100%;\" class=\"slide-1422 ms-image \" aria-roledescription=\"slide\" data-date=\"2019-02-07 14:27:39\" data-filename=\"kreiranje-i-sprovo\u0111enje-poslovnih-i-politi\u010dkih-kampanja-7-700x300.jpg\" data-slide-type=\"image\"><a href=\"https:\/\/osic.co\/s\/sq\/sherbime\/krijimi-dhe-zbatimi-i-fushatave-politike-dhe-afariste\/\" target=\"_blank\" aria-label=\"View Slide Details\" class=\"metaslider_image_link\"><img src=\"https:\/\/osic.co\/s\/wp-content\/uploads\/2019\/02\/kreiranje-i-sprovo\u0111enje-poslovnih-i-politi\u010dkih-kampanja-7-700x300.jpg\" height=\"300\" width=\"700\" alt=\"\" class=\"slider-1406 slide-1422 msDefaultImage\" title=\"kreiranje i sprovo\u0111enje poslovnih i politi\u010dkih kampanja\" \/><\/a><div class=\"caption-wrap\"><div class=\"caption\">KRIJIMI DHE ZBATIMI I FUSHATAVE POLITIKE DHE AFARISTE<\/div><\/div><\/li>\n                <li style=\"display: none; width: 100%;\" class=\"slide-1423 ms-image \" aria-roledescription=\"slide\" data-date=\"2019-02-07 14:27:39\" data-filename=\"me\u0111unarodno-poslovanje-7-700x300.jpg\" data-slide-type=\"image\"><a href=\"https:\/\/osic.co\/s\/sq\/sherbime\/biznes-nderkombetar\/\" target=\"_blank\" aria-label=\"View Slide Details\" class=\"metaslider_image_link\"><img src=\"https:\/\/osic.co\/s\/wp-content\/uploads\/2019\/02\/me\u0111unarodno-poslovanje-7-700x300.jpg\" height=\"300\" width=\"700\" alt=\"\" class=\"slider-1406 slide-1423 msDefaultImage\" title=\"me\u0111unarodno poslovanje\" \/><\/a><div class=\"caption-wrap\"><div class=\"caption\">BIZNES ND\u00cbRKOMB\u00cbTAR<\/div><\/div><\/li>\n                <li style=\"display: none; width: 100%;\" class=\"slide-1424 ms-image \" aria-roledescription=\"slide\" data-date=\"2019-02-07 14:27:39\" data-filename=\"procena-i-upravljanje-rizicima-7-700x300.jpg\" data-slide-type=\"image\"><a href=\"https:\/\/osic.co\/s\/sq\/sherbime\/vleresimi-dhe-menaxhimi-i-rrezikut\/\" target=\"_blank\" aria-label=\"View Slide Details\" class=\"metaslider_image_link\"><img src=\"https:\/\/osic.co\/s\/wp-content\/uploads\/2019\/02\/procena-i-upravljanje-rizicima-7-700x300.jpg\" height=\"300\" width=\"700\" alt=\"\" class=\"slider-1406 slide-1424 msDefaultImage\" title=\"procena i upravljanje rizicima\" \/><\/a><div class=\"caption-wrap\"><div class=\"caption\">VLER\u00cbSIMI DHE MENAXHIMI I RREZIKUT<\/div><\/div><\/li>\n                <li style=\"display: none; width: 100%;\" class=\"slide-1425 ms-image \" aria-roledescription=\"slide\" data-date=\"2019-02-07 14:27:39\" data-filename=\"upravljanje-krizama-7-700x300.png\" data-slide-type=\"image\"><a href=\"https:\/\/osic.co\/s\/sq\/sherbime\/menaxhimi-i-rrezikut\/\" target=\"_blank\" aria-label=\"View Slide Details\" class=\"metaslider_image_link\"><img src=\"https:\/\/osic.co\/s\/wp-content\/uploads\/2019\/02\/upravljanje-krizama-7-700x300.png\" height=\"300\" width=\"700\" alt=\"\" class=\"slider-1406 slide-1425 msDefaultImage\" title=\"upravljanje krizama\" \/><\/a><div class=\"caption-wrap\"><div class=\"caption\">MENAXHIMI I RREZIKUT<\/div><\/div><\/li>\n            <\/ul>\n        <\/div>\n        \n    <\/div>\n<\/div><\/div>\n\n\n\n<p>Mire se\nvini!<\/p>\n\n\n\n<p>Ne jemi kompani q\u00eb ju &nbsp;&nbsp;ofrojme mb\u00ebshtetje gjith\u00ebp\u00ebrfshir\u00ebse n\u00eb\nkrijimin e q\u00ebllimeve dhe gjetjen e m\u00ebnyrave m\u00eb efektive p\u00ebr t\u2018I realizuar ato. Ne k\u00ebt\u00eb udh\u00ebtim\ndo t\u00eb nisemi s\u00eb bashku. Ju do t\u00eb jeni n\u00eb nj\u00eb shoq\u00ebri t\u00eb mire te eksperteve me\np\u00ebrvoj\u00eb dhe eksperte te verifikuar nd\u00ebrkomb\u00ebtarisht nga shum\u00eb fusha. N\u00eb\nOSIC,&nbsp; ata jan\u00eb nj\u00eb ekip me q\u00ebllimin t\u00eb\np\u00ebrgjigjen k\u00ebrkesave tuaja dhe t\u00eb ofrojn\u00eb zgjidhje m\u00eb efektive p\u00ebr t\u00eb\nvalorizuar\/realizuar interesat e organizat\u00ebs suaj. <\/p>\n\n\n\n<p>Ne ju\nofrojm\u00eb njohuri, p\u00ebrvoj\u00eb t\u00eb gjat\u00eb n\u00eb t\u00eb krijimin e strategjive, zbatimin dhe\nvler\u00ebsimin e rezultateve, <\/p>\n\n\n\n<p>&nbsp;jasht\u00ebzakonisht\u00eb rrjeti i deg\u00ebzuar i\nkontakteve nd\u00ebrkomb\u00ebtare me instututet qeveritare , ekipe te ekspert\u00ebve, mediatike,\nkompanive dhe shoqatave te biznesit, si dhe &nbsp;individ\u00ebve &nbsp;me ndikim.<\/p>\n\n\n\n<p>P\u00ebrmes OSIC, ne dispozicionin tuaj \u00ebsht\u00eb sh\u00ebrbimi i plot q\u00eb do t\u2019ju udh\u00ebheq me sukses p\u00ebrmes labirinteve t\u00eb biznesit kombetar dhe nd\u00ebrkomb\u00ebtar, t\u00eb politik\u00ebs, t\u00eb publikut vendas dhe t\u00eb huaj. N\u00ebse do t\u00eb p\u00ebrballemi me kriz\u00ebn n\u00eb k\u00ebt\u00eb udh\u00ebtim t\u00eb p\u00ebrbashk\u00ebt, OSIC do t\u00eb ofroj\u00eb nj\u00eb zgjidhje p\u00ebr t\u00eb siguruar q\u00eb reputacioni juaj t\u00eb jet\u00eb i mbrojtur. Mjetet tona jan\u00eb njohuri q\u00eb bazohet n\u00eb t\u00eb dh\u00ebna dhe analiza, p\u00ebrvoj\u00eb n\u00eb menaxhimin e proceseve dhe aft\u00ebsin\u00eb p\u00ebr t\u00eb gjetur zgjidhjet m\u00eb efektive.&nbsp; Realizimi i q\u00ebllimit tuaj \u00ebsht\u00eb detyra jon\u00eb m\u00eb e madhe. <\/p>\n\n\n\n<p>Le t\u00eb shkojm\u00eb! <\/p>\n","protected":false},"excerpt":{"rendered":"<p>Mire se vini! Ne jemi kompani q\u00eb ju &nbsp;&nbsp;ofrojme mb\u00ebshtetje gjith\u00ebp\u00ebrfshir\u00ebse n\u00eb krijimin e q\u00ebllimeve dhe gjetjen e m\u00ebnyrave m\u00eb efektive p\u00ebr t\u2018I realizuar ato. Ne k\u00ebt\u00eb udh\u00ebtim do t\u00eb nisemi s\u00eb bashku. Ju do t\u00eb jeni n\u00eb nj\u00eb shoq\u00ebri t\u00eb mire te eksperteve me p\u00ebrvoj\u00eb dhe eksperte te verifikuar nd\u00ebrkomb\u00ebtarisht nga shum\u00eb fusha. N\u00eb [&hellip;]<\/p>\n","protected":false},"author":1,"featured_media":0,"parent":0,"menu_order":0,"comment_status":"closed","ping_status":"closed","template":"","meta":[],"_links":{"self":[{"href":"https:\/\/osic.co\/s\/wp-json\/wp\/v2\/pages\/1043"}],"collection":[{"href":"https:\/\/osic.co\/s\/wp-json\/wp\/v2\/pages"}],"about":[{"href":"https:\/\/osic.co\/s\/wp-json\/wp\/v2\/types\/page"}],"author":[{"embeddable":true,"href":"https:\/\/osic.co\/s\/wp-json\/wp\/v2\/users\/1"}],"replies":[{"embeddable":true,"href":"https:\/\/osic.co\/s\/wp-json\/wp\/v2\/comments?post=1043"}],"version-history":[{"count":3,"href":"https:\/\/osic.co\/s\/wp-json\/wp\/v2\/pages\/1043\/revisions"}],"predecessor-version":[{"id":1449,"href":"https:\/\/osic.co\/s\/wp-json\/wp\/v2\/pages\/1043\/revisions\/1449"}],"wp:attachment":[{"href":"https:\/\/osic.co\/s\/wp-json\/wp\/v2\/media?parent=1043"}],"curies":[{"name":"wp","href":"https:\/\/api.w.org\/{rel}","templated":true}]}}